{"id":2878,"date":"2022-10-28T15:28:07","date_gmt":"2022-10-28T13:28:07","guid":{"rendered":"http:\/\/192.168.0.235\/finbiz\/?page_id=2878"},"modified":"2023-08-23T16:20:04","modified_gmt":"2023-08-23T14:20:04","slug":"societe","status":"publish","type":"page","link":"https:\/\/www.poincible.com\/index.php\/societe\/","title":{"rendered":"Soci\u00e9t\u00e9"},"content":{"rendered":"\t\t<div data-elementor-type=\"wp-page\" data-elementor-id=\"2878\" class=\"elementor elementor-2878\">\n\t\t\t\t\t\t\t\t\t<section class=\"elementor-section elementor-top-section elementor-element elementor-element-01688e4 elementor-section-stretched elementor-section-boxed elementor-section-height-default elementor-section-height-default\" data-id=\"01688e4\" data-element_type=\"section\" data-settings=\"{&quot;background_background&quot;:&quot;classic&quot;,&quot;stretch_section&quot;:&quot;section-stretched&quot;}\">\n\t\t\t\t\t\t<div class=\"elementor-container elementor-column-gap-default\">\n\t\t\t\t\t<div class=\"elementor-column elementor-col-100 elementor-top-column elementor-element elementor-element-1b97775\" data-id=\"1b97775\" data-element_type=\"column\">\n\t\t\t<div class=\"elementor-widget-wrap elementor-element-populated\">\n\t\t\t\t\t\t\t\t<section class=\"elementor-section elementor-inner-section elementor-element elementor-element-6f47795 elementor-section-boxed elementor-section-height-default elementor-section-height-default\" data-id=\"6f47795\" data-element_type=\"section\">\n\t\t\t\t\t\t<div class=\"elementor-container elementor-column-gap-default\">\n\t\t\t\t\t<div class=\"elementor-column elementor-col-50 elementor-inner-column elementor-element elementor-element-c19f836\" data-id=\"c19f836\" data-element_type=\"column\">\n\t\t\t<div class=\"elementor-widget-wrap elementor-element-populated\">\n\t\t\t\t\t\t\t\t<div class=\"elementor-element elementor-element-ce78594 elementor-widget elementor-widget-rt-service-grid\" data-id=\"ce78594\" data-element_type=\"widget\" data-widget_type=\"rt-service-grid.default\">\n\t\t\t\t<div class=\"elementor-widget-container\">\n\t\t\t<div class=\"react-addon-services services-style5\">\r\n    <div class=\"services-part\">\r\n    \t    \t\t<div class=\"services-icon\">\r\n\t    \t\t\t    \t\t\t    \t\t\t<img decoding=\"async\" src=\"http:\/\/www.poincible.com\/wp-content\/uploads\/2023\/08\/305031450_480411617429220_5915505653135735017_n.jpg\" alt=\"image\"\/>\r\n\t    \t\t    \t\t<\/div>\t\r\n    \t\t\t    \t\t       \r\n\t    <div class=\"services-text style5\">\r\n\t    \t\t\t    \t<div class=\"services-title\">\t\t    \t\t\r\n\t\t    \t\t\r\n\t\t    \t\t\t\t    \t\t\t<h2 class=\"title\">\t QUI SOMMES NOUS ?<\/h2>\r\n\t\t    \t\t\t\t\t\t    \t\t\r\n\t\t    \t<\/div>\r\n\t    \t\t\r\n\r\n\t    \t\t    \t\t<div class=\"services-txt\">  <p>PoinCible est une soci\u00e9t\u00e9 \u00e0 taille humaine qui fournit des services IT aux entreprises de toute taille.<\/p><p>Structur\u00e9e en trois d\u00e9partements (Infrastructure, D\u00e9veloppement et Consultance), POINCIBLE se d\u00e9finit par sa proximit\u00e9, sa proactivit\u00e9 et sa productivit\u00e9 mais aussi sa convivialit\u00e9 et son expertise.<\/p><\/div>\t\r\n\t    \t\t\r\n\r\n\t    \t\r\n\t    \t\r\n\r\n\t    <\/div>\r\n\t<\/div>\r\n\t<\/div>\t\t<\/div>\n\t\t\t\t<\/div>\n\t\t\t\t\t<\/div>\n\t\t<\/div>\n\t\t\t\t<div class=\"elementor-column elementor-col-50 elementor-inner-column elementor-element elementor-element-43973ae\" data-id=\"43973ae\" data-element_type=\"column\">\n\t\t\t<div class=\"elementor-widget-wrap elementor-element-populated\">\n\t\t\t\t\t\t\t\t<div class=\"elementor-element elementor-element-2890db0 elementor-widget elementor-widget-rt-service-grid\" data-id=\"2890db0\" data-element_type=\"widget\" data-widget_type=\"rt-service-grid.default\">\n\t\t\t\t<div class=\"elementor-widget-container\">\n\t\t\t<div class=\"react-addon-services services-style5\">\r\n    <div class=\"services-part\">\r\n    \t    \t\t<div class=\"services-icon\">\r\n\t    \t\t\t    \t\t\t    \t\t\t<img decoding=\"async\" src=\"http:\/\/www.poincible.com\/wp-content\/uploads\/2023\/08\/b1e0d582ab6f.jpg\" alt=\"image\"\/>\r\n\t    \t\t    \t\t<\/div>\t\r\n    \t\t\t    \t\t       \r\n\t    <div class=\"services-text style5\">\r\n\t    \t\t\t    \t<div class=\"services-title\">\t\t    \t\t\r\n\t\t    \t\t\r\n\t\t    \t\t\t\t    \t\t\t<h2 class=\"title\">\t POURQUOI POINCIBLE ?<\/h2>\r\n\t\t    \t\t\t\t\t\t    \t\t\r\n\t\t    \t<\/div>\r\n\t    \t\t\r\n\r\n\t    \t\t    \t\t<div class=\"services-txt\">  <p>Depuis 2020, nous sommes avant tout une \u00e9quipe dont le d\u00e9vouement pour nos clients est \u00e0 toute \u00e9preuve.<\/p><p>Le service 5 \u00e9toiles envers ceux qui nous font confiance a toujours \u00e9t\u00e9 grav\u00e9 dans l\u2019ADN de notre entreprise.<\/p><p>Afin d\u2019atteindre un tel niveau d\u2019excellence, nous avons pris le parti d\u00e8s le d\u00e9part de former nos propres collaborateurs, aussi bien techniquement que dans l\u2019approche de la relation avec le client.<\/p><\/div>\t\r\n\t    \t\t\r\n\r\n\t    \t\r\n\t    \t\r\n\r\n\t    <\/div>\r\n\t<\/div>\r\n\t<\/div>\t\t<\/div>\n\t\t\t\t<\/div>\n\t\t\t\t\t<\/div>\n\t\t<\/div>\n\t\t\t\t\t\t\t<\/div>\n\t\t<\/section>\n\t\t\t\t\t<\/div>\n\t\t<\/div>\n\t\t\t\t\t\t\t<\/div>\n\t\t<\/section>\n\t\t\t\t<section class=\"elementor-section elementor-top-section elementor-element elementor-element-923a254 elementor-section-stretched elementor-section-boxed elementor-section-height-default elementor-section-height-default\" data-id=\"923a254\" data-element_type=\"section\" data-settings=\"{&quot;stretch_section&quot;:&quot;section-stretched&quot;,&quot;background_background&quot;:&quot;classic&quot;}\">\n\t\t\t\t\t\t\t<div class=\"elementor-background-overlay\"><\/div>\n\t\t\t\t\t\t\t<div class=\"elementor-container elementor-column-gap-default\">\n\t\t\t\t\t<div class=\"elementor-column elementor-col-100 elementor-top-column elementor-element elementor-element-7857514\" data-id=\"7857514\" data-element_type=\"column\">\n\t\t\t<div class=\"elementor-widget-wrap elementor-element-populated\">\n\t\t\t\t\t\t\t\t<section class=\"elementor-section elementor-inner-section elementor-element elementor-element-7d964dd elementor-section-content-middle accordion-service-inner elementor-section-boxed elementor-section-height-default elementor-section-height-default\" data-id=\"7d964dd\" data-element_type=\"section\">\n\t\t\t\t\t\t<div class=\"elementor-container elementor-column-gap-default\">\n\t\t\t\t\t<div class=\"elementor-column elementor-col-50 elementor-inner-column elementor-element elementor-element-e8bd35b\" data-id=\"e8bd35b\" data-element_type=\"column\">\n\t\t\t<div class=\"elementor-widget-wrap elementor-element-populated\">\n\t\t\t\t\t\t\t\t<div class=\"elementor-element elementor-element-f9fe77e elementor-widget__width-initial elementor-widget elementor-widget-react-heading\" data-id=\"f9fe77e\" data-element_type=\"widget\" data-widget_type=\"react-heading.default\">\n\t\t\t\t<div class=\"elementor-widget-container\">\n\t\t\t\t  \r\n        <div class=\"react-heading default  title-border-no\">\r\n        \t<div class=\"title-inner no\">        \t\t      \t\t\r\n\t            <span class=\"sub-text \">Philosophie<\/span><h2 class=\"title\">Votre partenaire id\u00e9al pour tous vos besoins IT<\/h2>\t        <\/div>\r\n\t\t\t\t        \r\n\t            \r\n        <\/div>\r\n        \t\t<\/div>\n\t\t\t\t<\/div>\n\t\t\t\t<div class=\"elementor-element elementor-element-90caa50 elementor-widget elementor-widget-rt-custom-accordions\" data-id=\"90caa50\" data-element_type=\"widget\" data-widget_type=\"rt-custom-accordions.default\">\n\t\t\t\t<div class=\"elementor-widget-container\">\n\t\t\t        <div class=\"rts-accordion style1\" id=\"accordionExample8716\">\n                                            \n         \n                <div class=\"accordion-item\">\n                        <div class=\"accordion-header\" id=\"heading-87161\">\n                            <button class=\"accordion-button \" type=\"button\" data-bs-toggle=\"collapse\" data-bs-target=\"#collapse87161\" aria-expanded=\"true\" aria-controls=\"collapse87161\">\n                            Solutions \n                            <\/button>\n                        <\/div>\n                        <div id=\"collapse87161\" class=\"accordion-collapse collapse show\" aria-labelledby=\"heading87161\" data-bs-parent=\"#accordionExample8716\">\n                            <div class=\"accordion-body\">\n                            Nous vous aidons dans la recherche et la mise en place d\u2019outils et de solutions informatiques adapt\u00e9s \u00e0 vos besoins et \u00e0 votre budget.                            <\/div>\n                        <\/div>\n                <\/div>\n                                            \n         \n                <div class=\"accordion-item\">\n                        <div class=\"accordion-header\" id=\"heading-87162\">\n                            <button class=\"accordion-button collapsed\" type=\"button\" data-bs-toggle=\"collapse\" data-bs-target=\"#collapse87162\" aria-expanded=\"false\" aria-controls=\"collapse87162\">\n                            \u00c9coute \n                            <\/button>\n                        <\/div>\n                        <div id=\"collapse87162\" class=\"accordion-collapse collapse \" aria-labelledby=\"heading87162\" data-bs-parent=\"#accordionExample8716\">\n                            <div class=\"accordion-body\">\n                            \u00c0 l\u2019\u00e9coute des besoins de nos clients, depuis le projet management jusqu\u2019au d\u00e9ploiement et la maintenance de votre infrastructure, nous g\u00e9rons tout le processus et nous vous assurons une satisfaction maximale.                            <\/div>\n                        <\/div>\n                <\/div>\n                                            \n         \n                <div class=\"accordion-item\">\n                        <div class=\"accordion-header\" id=\"heading-87163\">\n                            <button class=\"accordion-button collapsed\" type=\"button\" data-bs-toggle=\"collapse\" data-bs-target=\"#collapse87163\" aria-expanded=\"false\" aria-controls=\"collapse87163\">\n                            Accompagnement \n                            <\/button>\n                        <\/div>\n                        <div id=\"collapse87163\" class=\"accordion-collapse collapse \" aria-labelledby=\"heading87163\" data-bs-parent=\"#accordionExample8716\">\n                            <div class=\"accordion-body\">\n                            Avec POINCIBLE, vous serez bien accompagn\u00e9s et nous ferons ensemble les meilleurs choix en termes de mat\u00e9riel informatique, logiciels, d\u00e9veloppement d\u2019applications ou tout autre projet digital.                            <\/div>\n                        <\/div>\n                <\/div>\n                              \n                  \n            <\/div>            \n        \t\t<\/div>\n\t\t\t\t<\/div>\n\t\t\t\t\t<\/div>\n\t\t<\/div>\n\t\t\t\t<div class=\"elementor-column elementor-col-50 elementor-inner-column elementor-element elementor-element-764ae7d\" data-id=\"764ae7d\" data-element_type=\"column\">\n\t\t\t<div class=\"elementor-widget-wrap\">\n\t\t\t\t\t\t\t\t\t<\/div>\n\t\t<\/div>\n\t\t\t\t\t\t\t<\/div>\n\t\t<\/section>\n\t\t\t\t\t<\/div>\n\t\t<\/div>\n\t\t\t\t\t\t\t<\/div>\n\t\t<\/section>\n\t\t\t\t<section class=\"elementor-section elementor-top-section elementor-element elementor-element-712c05c elementor-section-stretched elementor-section-content-middle elementor-section-boxed elementor-section-height-default elementor-section-height-default\" data-id=\"712c05c\" data-element_type=\"section\" data-settings=\"{&quot;stretch_section&quot;:&quot;section-stretched&quot;,&quot;background_background&quot;:&quot;classic&quot;}\">\n\t\t\t\t\t\t<div class=\"elementor-container elementor-column-gap-extended\">\n\t\t\t\t\t<div class=\"elementor-column elementor-col-25 elementor-top-column elementor-element elementor-element-c8be20d\" data-id=\"c8be20d\" data-element_type=\"column\">\n\t\t\t<div class=\"elementor-widget-wrap elementor-element-populated\">\n\t\t\t\t\t\t\t\t<div class=\"elementor-element elementor-element-d032f0d elementor-widget elementor-widget-rts-progress-pie\" data-id=\"d032f0d\" data-element_type=\"widget\" data-widget_type=\"rts-progress-pie.default\">\n\t\t\t\t<div class=\"elementor-widget-container\">\n\t\t\t\t\t\n\t<div class=\"rs-pie-content\">\n\t\t<div id=\"rs-pie-3247169\" class=\"rspie-title-center\" data-percent=\"92\">\n\t\t\t<span class=\"rspie-value\"><\/span> \n\t\t\t\n\t\t<\/div>\n\t\t\t\t\t<div class=\"number\">Qualit\u00e9 de service<\/div>\n\t\t\t<\/div>\n\n\t<script type=\"text\/javascript\">\n        jQuery(document).ready(function () {\n            jQuery('#rs-pie-3247169').pieChart({\n                barColor: '#DF0A0A',\n                trackColor: '#434653',\n                lineCap: 'round',\n                lineWidth: 8,\n                size: 125,\n                onStep: function (from, to, percent) {\n                    jQuery(this.element).find('.rspie-value').text(Math.round(percent) + '%');\n                }\n            });\n        });\n\n    <\/script>       \n\t\t\t<\/div>\n\t\t\t\t<\/div>\n\t\t\t\t\t<\/div>\n\t\t<\/div>\n\t\t\t\t<div class=\"elementor-column elementor-col-25 elementor-top-column elementor-element elementor-element-5f8a2c8\" data-id=\"5f8a2c8\" data-element_type=\"column\">\n\t\t\t<div class=\"elementor-widget-wrap elementor-element-populated\">\n\t\t\t\t\t\t\t\t<div class=\"elementor-element elementor-element-b5d7027 elementor-widget elementor-widget-rts-progress-pie\" data-id=\"b5d7027\" data-element_type=\"widget\" data-widget_type=\"rts-progress-pie.default\">\n\t\t\t\t<div class=\"elementor-widget-container\">\n\t\t\t\t\t\n\t<div class=\"rs-pie-content\">\n\t\t<div id=\"rs-pie-2001177\" class=\"rspie-title-center\" data-percent=\"90\">\n\t\t\t<span class=\"rspie-value\"><\/span> \n\t\t\t\n\t\t<\/div>\n\t\t\t\t\t<div class=\"number\">Comp\u00e9tences<\/div>\n\t\t\t<\/div>\n\n\t<script type=\"text\/javascript\">\n        jQuery(document).ready(function () {\n            jQuery('#rs-pie-2001177').pieChart({\n                barColor: '#DF0A0A',\n                trackColor: '#434653',\n                lineCap: 'round',\n                lineWidth: 8,\n                size: 125,\n                onStep: function (from, to, percent) {\n                    jQuery(this.element).find('.rspie-value').text(Math.round(percent) + '%');\n                }\n            });\n        });\n\n    <\/script>       \n\t\t\t<\/div>\n\t\t\t\t<\/div>\n\t\t\t\t\t<\/div>\n\t\t<\/div>\n\t\t\t\t<div class=\"elementor-column elementor-col-25 elementor-top-column elementor-element elementor-element-9ceb6ce\" data-id=\"9ceb6ce\" data-element_type=\"column\">\n\t\t\t<div class=\"elementor-widget-wrap elementor-element-populated\">\n\t\t\t\t\t\t\t\t<div class=\"elementor-element elementor-element-9a0f316 elementor-widget elementor-widget-rts-progress-pie\" data-id=\"9a0f316\" data-element_type=\"widget\" data-widget_type=\"rts-progress-pie.default\">\n\t\t\t\t<div class=\"elementor-widget-container\">\n\t\t\t\t\t\n\t<div class=\"rs-pie-content\">\n\t\t<div id=\"rs-pie-97557\" class=\"rspie-title-center\" data-percent=\"85\">\n\t\t\t<span class=\"rspie-value\"><\/span> \n\t\t\t\n\t\t<\/div>\n\t\t\t\t\t<div class=\"number\">Clients satisfaits\u200b<\/div>\n\t\t\t<\/div>\n\n\t<script type=\"text\/javascript\">\n        jQuery(document).ready(function () {\n            jQuery('#rs-pie-97557').pieChart({\n                barColor: '#DF0A0A',\n                trackColor: '#434653',\n                lineCap: 'round',\n                lineWidth: 8,\n                size: 125,\n                onStep: function (from, to, percent) {\n                    jQuery(this.element).find('.rspie-value').text(Math.round(percent) + '%');\n                }\n            });\n        });\n\n    <\/script>       \n\t\t\t<\/div>\n\t\t\t\t<\/div>\n\t\t\t\t\t<\/div>\n\t\t<\/div>\n\t\t\t\t<div class=\"elementor-column elementor-col-25 elementor-top-column elementor-element elementor-element-a2c0334\" data-id=\"a2c0334\" data-element_type=\"column\">\n\t\t\t<div class=\"elementor-widget-wrap elementor-element-populated\">\n\t\t\t\t\t\t\t\t<div class=\"elementor-element elementor-element-7673669 elementor-widget elementor-widget-rts-progress-pie\" data-id=\"7673669\" data-element_type=\"widget\" data-widget_type=\"rts-progress-pie.default\">\n\t\t\t\t<div class=\"elementor-widget-container\">\n\t\t\t\t\t\n\t<div class=\"rs-pie-content\">\n\t\t<div id=\"rs-pie-6359183\" class=\"rspie-title-center\" data-percent=\"96\">\n\t\t\t<span class=\"rspie-value\"><\/span> \n\t\t\t\n\t\t<\/div>\n\t\t\t\t\t<div class=\"number\">Projets r\u00e9ussis\u200b<\/div>\n\t\t\t<\/div>\n\n\t<script type=\"text\/javascript\">\n        jQuery(document).ready(function () {\n            jQuery('#rs-pie-6359183').pieChart({\n                barColor: '#DF0A0A',\n                trackColor: '#434653',\n                lineCap: 'round',\n                lineWidth: 8,\n                size: 125,\n                onStep: function (from, to, percent) {\n                    jQuery(this.element).find('.rspie-value').text(Math.round(percent) + '%');\n                }\n            });\n        });\n\n    <\/script>       \n\t\t\t<\/div>\n\t\t\t\t<\/div>\n\t\t\t\t\t<\/div>\n\t\t<\/div>\n\t\t\t\t\t\t\t<\/div>\n\t\t<\/section>\n\t\t\t\t<section class=\"elementor-section elementor-top-section elementor-element elementor-element-6538979 elementor-section-full_width elementor-section-stretched elementor-section-content-middle elementor-section-height-default elementor-section-height-default\" data-id=\"6538979\" data-element_type=\"section\" data-settings=\"{&quot;stretch_section&quot;:&quot;section-stretched&quot;,&quot;background_background&quot;:&quot;classic&quot;}\">\n\t\t\t\t\t\t<div class=\"elementor-container elementor-column-gap-default\">\n\t\t\t\t\t<div class=\"elementor-column elementor-col-50 elementor-top-column elementor-element elementor-element-905b5d4\" data-id=\"905b5d4\" data-element_type=\"column\">\n\t\t\t<div class=\"elementor-widget-wrap elementor-element-populated\">\n\t\t\t\t\t\t\t\t<div class=\"elementor-element elementor-element-8fa28cf elementor-widget elementor-widget-image\" data-id=\"8fa28cf\" data-element_type=\"widget\" data-widget_type=\"image.default\">\n\t\t\t\t<div class=\"elementor-widget-container\">\n\t\t\t<style>\/*! elementor - v3.17.0 - 08-11-2023 *\/\n.elementor-widget-image{text-align:center}.elementor-widget-image a{display:inline-block}.elementor-widget-image a img[src$=\".svg\"]{width:48px}.elementor-widget-image img{vertical-align:middle;display:inline-block}<\/style>\t\t\t\t\t\t\t\t\t\t\t\t<img loading=\"lazy\" decoding=\"async\" width=\"775\" height=\"654\" src=\"https:\/\/www.poincible.com\/wp-content\/uploads\/2022\/11\/02.webp\" class=\"attachment-full size-full wp-image-5212\" alt=\"\" srcset=\"https:\/\/www.poincible.com\/wp-content\/uploads\/2022\/11\/02.webp 775w, https:\/\/www.poincible.com\/wp-content\/uploads\/2022\/11\/02-300x253.webp 300w, https:\/\/www.poincible.com\/wp-content\/uploads\/2022\/11\/02-768x648.webp 768w\" sizes=\"auto, (max-width: 775px) 100vw, 775px\" \/>\t\t\t\t\t\t\t\t\t\t\t\t\t\t\t<\/div>\n\t\t\t\t<\/div>\n\t\t\t\t\t<\/div>\n\t\t<\/div>\n\t\t\t\t<div class=\"elementor-column elementor-col-50 elementor-top-column elementor-element elementor-element-e2d50ff\" data-id=\"e2d50ff\" data-element_type=\"column\" data-settings=\"{&quot;background_background&quot;:&quot;classic&quot;}\">\n\t\t\t<div class=\"elementor-widget-wrap elementor-element-populated\">\n\t\t\t\t\t\t\t\t<div class=\"elementor-element elementor-element-57adda7 dark-watermark elementor-widget elementor-widget-react-heading\" data-id=\"57adda7\" data-element_type=\"widget\" data-widget_type=\"react-heading.default\">\n\t\t\t\t<div class=\"elementor-widget-container\">\n\t\t\t\t  \r\n        <div class=\"react-heading default  title-border-no\">\r\n        \t<div class=\"title-inner no\">        \t\t      \t\t\r\n\t            <span class=\"sub-text \">Contact<\/span><h2 class=\"title\">Prise de RDV<\/h2>\t        <\/div>\r\n\t\t\t<span class=\"watermark\">Hi...<\/span>\t        \r\n\t            \r\n        <\/div>\r\n        \t\t<\/div>\n\t\t\t\t<\/div>\n\t\t\t\t<div class=\"elementor-element elementor-element-7b68439 elementor-widget elementor-widget-rt-cf7\" data-id=\"7b68439\" data-element_type=\"widget\" data-widget_type=\"rt-cf7.default\">\n\t\t\t\t<div class=\"elementor-widget-container\">\n\t\t\t<div class=\"form__btn__\">\n<div class=\"wpcf7 no-js\" id=\"wpcf7-f5223-o1\" lang=\"en-US\" dir=\"ltr\">\n<div class=\"screen-reader-response\"><p role=\"status\" aria-live=\"polite\" aria-atomic=\"true\"><\/p> <ul><\/ul><\/div>\n<form action=\"\/index.php\/wp-json\/wp\/v2\/pages\/2878#wpcf7-f5223-o1\" method=\"post\" class=\"wpcf7-form init\" aria-label=\"Contact form\" novalidate=\"novalidate\" data-status=\"init\">\n<div style=\"display: none;\">\n<input type=\"hidden\" name=\"_wpcf7\" value=\"5223\" \/>\n<input type=\"hidden\" name=\"_wpcf7_version\" value=\"5.8.3\" \/>\n<input type=\"hidden\" name=\"_wpcf7_locale\" value=\"en_US\" \/>\n<input type=\"hidden\" name=\"_wpcf7_unit_tag\" value=\"wpcf7-f5223-o1\" \/>\n<input type=\"hidden\" name=\"_wpcf7_container_post\" value=\"0\" \/>\n<input type=\"hidden\" name=\"_wpcf7_posted_data_hash\" value=\"\" \/>\n<\/div>\n<div class=\"row\">\n\t<div class=\"col-lg-6 col-md-6\">\n\t\t<p><span class=\"wpcf7-form-control-wrap\" data-name=\"your-name\"><input size=\"40\" class=\"wpcf7-form-control wpcf7-text wpcf7-validates-as-required\" aria-required=\"true\" aria-invalid=\"false\" placeholder=\"Nom\" value=\"\" type=\"text\" name=\"your-name\" \/><\/span>\n\t\t<\/p>\n\t<\/div>\n\t<div class=\"col-lg-6 col-md-6\">\n\t\t<p><span class=\"wpcf7-form-control-wrap\" data-name=\"your-email\"><input size=\"40\" class=\"wpcf7-form-control wpcf7-email wpcf7-validates-as-required wpcf7-text wpcf7-validates-as-email\" aria-required=\"true\" aria-invalid=\"false\" placeholder=\"Email\" value=\"\" type=\"email\" name=\"your-email\" \/><\/span>\n\t\t<\/p>\n\t<\/div>\n<\/div>\n<div class=\"row\">\n\t<div class=\"col-lg-6 col-md-6\">\n\t\t<p><span class=\"wpcf7-form-control-wrap\" data-name=\"your-phone\"><input size=\"40\" class=\"wpcf7-form-control wpcf7-text\" aria-invalid=\"false\" placeholder=\"T\u00e9l\u00e9phone\" value=\"\" type=\"text\" name=\"your-phone\" \/><\/span>\n\t\t<\/p>\n\t<\/div>\n\t<div class=\"col-lg-6 col-md-6\">\n\t\t<p><span class=\"wpcf7-form-control-wrap\" data-name=\"your-site\"><input size=\"40\" class=\"wpcf7-form-control wpcf7-text\" aria-invalid=\"false\" placeholder=\"Site Web\" value=\"\" type=\"text\" name=\"your-site\" \/><\/span>\n\t\t<\/p>\n\t<\/div>\n<\/div>\n<p><span class=\"wpcf7-form-control-wrap\" data-name=\"your-topic\"><input size=\"40\" class=\"wpcf7-form-control wpcf7-text wpcf7-validates-as-required\" aria-required=\"true\" aria-invalid=\"false\" placeholder=\"Sujet\" value=\"\" type=\"text\" name=\"your-topic\" \/><\/span><br \/>\n<span class=\"wpcf7-form-control-wrap\" data-name=\"your-message\"><textarea cols=\"40\" rows=\"10\" class=\"wpcf7-form-control wpcf7-textarea\" aria-invalid=\"false\" placeholder=\"Message\" name=\"your-message\"><\/textarea><\/span><br \/>\n<input class=\"wpcf7-form-control wpcf7-submit has-spinner\" type=\"submit\" value=\"Envoyer\" \/>\n<\/p><div class=\"wpcf7-response-output\" aria-hidden=\"true\"><\/div>\n<\/form>\n<\/div>\n<\/div>\t\t<\/div>\n\t\t\t\t<\/div>\n\t\t\t\t\t<\/div>\n\t\t<\/div>\n\t\t\t\t\t\t\t<\/div>\n\t\t<\/section>\n\t\t\t\t\t\t\t<\/div>\n\t\t","protected":false},"excerpt":{"rendered":"<p>QUI SOMMES NOUS ? PoinCible est une soci\u00e9t\u00e9 \u00e0 taille humaine qui fournit des services IT aux entreprises de toute taille. Structur\u00e9e en trois d\u00e9partements (Infrastructure, D\u00e9veloppement et Consultance), POINCIBLE se d\u00e9finit par sa proximit\u00e9, sa proactivit\u00e9 et sa productivit\u00e9 mais aussi sa convivialit\u00e9 et son expertise. POURQUOI POINCIBLE ? Depuis 2020, nous sommes avant&#8230;<\/p>\n","protected":false},"author":2,"featured_media":0,"parent":0,"menu_order":0,"comment_status":"closed","ping_status":"closed","template":"","meta":{"footnotes":""},"class_list":["post-2878","page","type-page","status-publish","hentry"],"_links":{"self":[{"href":"https:\/\/www.poincible.com\/index.php\/wp-json\/wp\/v2\/pages\/2878","targetHints":{"allow":["GET"]}}],"collection":[{"href":"https:\/\/www.poincible.com\/index.php\/wp-json\/wp\/v2\/pages"}],"about":[{"href":"https:\/\/www.poincible.com\/index.php\/wp-json\/wp\/v2\/types\/page"}],"author":[{"embeddable":true,"href":"https:\/\/www.poincible.com\/index.php\/wp-json\/wp\/v2\/users\/2"}],"replies":[{"embeddable":true,"href":"https:\/\/www.poincible.com\/index.php\/wp-json\/wp\/v2\/comments?post=2878"}],"version-history":[{"count":0,"href":"https:\/\/www.poincible.com\/index.php\/wp-json\/wp\/v2\/pages\/2878\/revisions"}],"wp:attachment":[{"href":"https:\/\/www.poincible.com\/index.php\/wp-json\/wp\/v2\/media?parent=2878"}],"curies":[{"name":"wp","href":"https:\/\/api.w.org\/{rel}","templated":true}]}}