{"id":9262,"date":"2023-08-15T20:26:39","date_gmt":"2023-08-15T18:26:39","guid":{"rendered":"https:\/\/www.poincible.com\/?page_id=9262"},"modified":"2023-08-22T21:14:49","modified_gmt":"2023-08-22T19:14:49","slug":"consultance","status":"publish","type":"page","link":"https:\/\/www.poincible.com\/index.php\/consultance\/","title":{"rendered":"Consultance"},"content":{"rendered":"\t\t<div data-elementor-type=\"wp-page\" data-elementor-id=\"9262\" class=\"elementor elementor-9262\">\n\t\t\t\t\t\t\t\t\t<section class=\"elementor-section elementor-top-section elementor-element elementor-element-7a200fe elementor-section-stretched elementor-section-boxed elementor-section-height-default elementor-section-height-default\" data-id=\"7a200fe\" data-element_type=\"section\" data-settings=\"{&quot;stretch_section&quot;:&quot;section-stretched&quot;,&quot;background_background&quot;:&quot;classic&quot;}\">\n\t\t\t\t\t\t<div class=\"elementor-container elementor-column-gap-default\">\n\t\t\t\t\t<div class=\"elementor-column elementor-col-100 elementor-top-column elementor-element elementor-element-5840ff3\" data-id=\"5840ff3\" data-element_type=\"column\">\n\t\t\t<div class=\"elementor-widget-wrap elementor-element-populated\">\n\t\t\t\t\t\t\t\t<div class=\"elementor-element elementor-element-d8d82df elementor-widget elementor-widget-react-heading\" data-id=\"d8d82df\" data-element_type=\"widget\" data-widget_type=\"react-heading.default\">\n\t\t\t\t<div class=\"elementor-widget-container\">\n\t\t\t\t  \r\n        <div class=\"react-heading default  title-border-no\">\r\n        \t<div class=\"title-inner no\">        \t\t      \t\t\r\n\t            <span class=\"sub-text \">Nos services<\/span><h2 class=\"title\">Consultance<\/h2>\t        <\/div>\r\n\t\t\t<span class=\"watermark\">03<\/span>\t        \r\n\t            \r\n        <\/div>\r\n        \t\t<\/div>\n\t\t\t\t<\/div>\n\t\t\t\t<div class=\"elementor-element elementor-element-bc70be7 elementor-widget elementor-widget-heading\" data-id=\"bc70be7\" data-element_type=\"widget\" data-widget_type=\"heading.default\">\n\t\t\t\t<div class=\"elementor-widget-container\">\n\t\t\t<style>\/*! elementor - v3.17.0 - 08-11-2023 *\/\n.elementor-heading-title{padding:0;margin:0;line-height:1}.elementor-widget-heading .elementor-heading-title[class*=elementor-size-]>a{color:inherit;font-size:inherit;line-height:inherit}.elementor-widget-heading .elementor-heading-title.elementor-size-small{font-size:15px}.elementor-widget-heading .elementor-heading-title.elementor-size-medium{font-size:19px}.elementor-widget-heading .elementor-heading-title.elementor-size-large{font-size:29px}.elementor-widget-heading .elementor-heading-title.elementor-size-xl{font-size:39px}.elementor-widget-heading .elementor-heading-title.elementor-size-xxl{font-size:59px}<\/style><h3 class=\"elementor-heading-title elementor-size-default\">Conseil<\/h3>\t\t<\/div>\n\t\t\t\t<\/div>\n\t\t\t\t<div class=\"elementor-element elementor-element-e4472b0 elementor-widget elementor-widget-text-editor\" data-id=\"e4472b0\" data-element_type=\"widget\" data-widget_type=\"text-editor.default\">\n\t\t\t\t<div class=\"elementor-widget-container\">\n\t\t\t<style>\/*! elementor - v3.17.0 - 08-11-2023 *\/\n.elementor-widget-text-editor.elementor-drop-cap-view-stacked .elementor-drop-cap{background-color:#69727d;color:#fff}.elementor-widget-text-editor.elementor-drop-cap-view-framed .elementor-drop-cap{color:#69727d;border:3px solid;background-color:transparent}.elementor-widget-text-editor:not(.elementor-drop-cap-view-default) .elementor-drop-cap{margin-top:8px}.elementor-widget-text-editor:not(.elementor-drop-cap-view-default) .elementor-drop-cap-letter{width:1em;height:1em}.elementor-widget-text-editor .elementor-drop-cap{float:left;text-align:center;line-height:1;font-size:50px}.elementor-widget-text-editor .elementor-drop-cap-letter{display:inline-block}<\/style>\t\t\t\t<p>Nous analysons et vous conseillons sur les enjeux strat\u00e9giques et informatiques de votre entit\u00e9.<\/p>\t\t\t\t\t\t<\/div>\n\t\t\t\t<\/div>\n\t\t\t\t<section class=\"elementor-section elementor-inner-section elementor-element elementor-element-068fecb elementor-section-boxed elementor-section-height-default elementor-section-height-default\" data-id=\"068fecb\" data-element_type=\"section\">\n\t\t\t\t\t\t<div class=\"elementor-container elementor-column-gap-extended\">\n\t\t\t\t\t<div class=\"elementor-column elementor-col-33 elementor-inner-column elementor-element elementor-element-e791620\" data-id=\"e791620\" data-element_type=\"column\">\n\t\t\t<div class=\"elementor-widget-wrap elementor-element-populated\">\n\t\t\t\t\t\t\t\t<div class=\"elementor-element elementor-element-7039932 elementor-widget elementor-widget-rt-service-grid\" data-id=\"7039932\" data-element_type=\"widget\" data-widget_type=\"rt-service-grid.default\">\n\t\t\t\t<div class=\"elementor-widget-container\">\n\t\t\t<div class=\"react-addon-services services-style1\">\r\n    <div class=\"services-part\">\r\n    \t    \t\t<div class=\"services-icon\">\r\n\t    \t\t\t    \t\t\t    \t\t\t<img decoding=\"async\" src=\"https:\/\/www.dekra-certification.fr\/cache\/media\/images\/audit-interne-dekra-certification\/s,750,400-q,75-059a97.jpg\" alt=\"image\"\/>\r\n\t    \t\t    \t\t<\/div>\t\r\n    \t\t\t    \t\t       \r\n\t    <div class=\"services-text style5\">\r\n\t    \t\t\t    \t<div class=\"services-title\">\t\r\n\t\t    \t\t\t\t\t\t\t\r\n\t\t    \t\t\t\t    \t\t\t<h4 class=\"title\"> Audit<\/h4>\r\n\t\t    \t\t\t\t\t\t    \t\t\r\n\t\t    \t<\/div>\r\n\t    \t\t\r\n\r\n\t    \t\t    \t\t<p class=\"services-txt\">  <p>Qu\u2019il soit interne pour votre s\u00e9curit\u00e9 et vos installations ou externe en termes de prestataires, nous mettons \u00e0 votre disposition notre expertise afin de vous donner une analyse objective et professionnelle des enjeux auxquels vous \u00eates confront\u00e9s.<\/p><\/p>\t\r\n\t    \t\t\r\n\r\n\t    \t\r\n\t    <\/div>\r\n\t<\/div>\r\n<\/div>\t\t<\/div>\n\t\t\t\t<\/div>\n\t\t\t\t\t<\/div>\n\t\t<\/div>\n\t\t\t\t<div class=\"elementor-column elementor-col-33 elementor-inner-column elementor-element elementor-element-386e895\" data-id=\"386e895\" data-element_type=\"column\">\n\t\t\t<div class=\"elementor-widget-wrap elementor-element-populated\">\n\t\t\t\t\t\t\t\t<div class=\"elementor-element elementor-element-b750e7f elementor-widget elementor-widget-rt-service-grid\" data-id=\"b750e7f\" data-element_type=\"widget\" data-widget_type=\"rt-service-grid.default\">\n\t\t\t\t<div class=\"elementor-widget-container\">\n\t\t\t<div class=\"react-addon-services services-style1\">\r\n    <div class=\"services-part\">\r\n    \t    \t\t<div class=\"services-icon\">\r\n\t    \t\t\t    \t\t\t    \t\t\t<img decoding=\"async\" src=\"https:\/\/www.anakeen.com\/wp-content\/uploads\/2022\/06\/cahier-des-charges-logiciel.jpg\" alt=\"image\"\/>\r\n\t    \t\t    \t\t<\/div>\t\r\n    \t\t\t    \t\t       \r\n\t    <div class=\"services-text style5\">\r\n\t    \t\t\t    \t<div class=\"services-title\">\t\r\n\t\t    \t\t\t\t\t\t\t\r\n\t\t    \t\t\t\t    \t\t\t<h4 class=\"title\"> Cahier de charge <\/h4>\r\n\t\t    \t\t\t\t\t\t    \t\t\r\n\t\t    \t<\/div>\r\n\t    \t\t\r\n\r\n\t    \t\t    \t\t<p class=\"services-txt\">  <p>Oblig\u00e9 de travailler avec un autre prestataire ? Nous vous remettrons l\u2019analyse r\u00e9alis\u00e9e sous forme de cahier de charge afin que vous ayez tout en main pour d\u00e9cider.<\/p><\/p>\t\r\n\t    \t\t\r\n\r\n\t    \t\r\n\t    <\/div>\r\n\t<\/div>\r\n<\/div>\t\t<\/div>\n\t\t\t\t<\/div>\n\t\t\t\t\t<\/div>\n\t\t<\/div>\n\t\t\t\t<div class=\"elementor-column elementor-col-33 elementor-inner-column elementor-element elementor-element-1da61b2\" data-id=\"1da61b2\" data-element_type=\"column\">\n\t\t\t<div class=\"elementor-widget-wrap elementor-element-populated\">\n\t\t\t\t\t\t\t\t<div class=\"elementor-element elementor-element-e369e89 elementor-widget elementor-widget-rt-service-grid\" data-id=\"e369e89\" data-element_type=\"widget\" data-widget_type=\"rt-service-grid.default\">\n\t\t\t\t<div class=\"elementor-widget-container\">\n\t\t\t<div class=\"react-addon-services services-style1\">\r\n    <div class=\"services-part\">\r\n    \t    \t\t<div class=\"services-icon\">\r\n\t    \t\t\t    \t\t\t    \t\t\t<img decoding=\"async\" src=\"https:\/\/lecolefrancaise.fr\/wp-content\/uploads\/2021\/01\/Strategie-dentreprise.jpeg\" alt=\"image\"\/>\r\n\t    \t\t    \t\t<\/div>\t\r\n    \t\t\t    \t\t       \r\n\t    <div class=\"services-text style5\">\r\n\t    \t\t\t    \t<div class=\"services-title\">\t\r\n\t\t    \t\t\t\t\t\t\t\r\n\t\t    \t\t\t\t    \t\t\t<h4 class=\"title\"> Strat\u00e9gie<\/h4>\r\n\t\t    \t\t\t\t\t\t    \t\t\r\n\t\t    \t<\/div>\r\n\t    \t\t\r\n\r\n\t    \t\t    \t\t<p class=\"services-txt\">  <p>Nous vous accompagnons dans votre r\u00e9flexion \u00e0 court, moyen et long terme afin de mettre en place des solutions informatiques qui vous permettront de faire face aux enjeux d\u2019un monde en perp\u00e9tuelle \u00e9volution.<\/p><\/p>\t\r\n\t    \t\t\r\n\r\n\t    \t\r\n\t    <\/div>\r\n\t<\/div>\r\n<\/div>\t\t<\/div>\n\t\t\t\t<\/div>\n\t\t\t\t\t<\/div>\n\t\t<\/div>\n\t\t\t\t\t\t\t<\/div>\n\t\t<\/section>\n\t\t\t\t\t<\/div>\n\t\t<\/div>\n\t\t\t\t\t\t\t<\/div>\n\t\t<\/section>\n\t\t\t\t<section class=\"elementor-section elementor-top-section elementor-element elementor-element-5cb963e elementor-section-stretched elementor-section-boxed elementor-section-height-default elementor-section-height-default\" data-id=\"5cb963e\" data-element_type=\"section\" data-settings=\"{&quot;stretch_section&quot;:&quot;section-stretched&quot;,&quot;background_background&quot;:&quot;classic&quot;}\">\n\t\t\t\t\t\t<div class=\"elementor-container elementor-column-gap-default\">\n\t\t\t\t\t<div class=\"elementor-column elementor-col-100 elementor-top-column elementor-element elementor-element-ba76076\" data-id=\"ba76076\" data-element_type=\"column\">\n\t\t\t<div class=\"elementor-widget-wrap elementor-element-populated\">\n\t\t\t\t\t\t\t\t<div class=\"elementor-element elementor-element-363e3da elementor-widget elementor-widget-heading\" data-id=\"363e3da\" data-element_type=\"widget\" data-widget_type=\"heading.default\">\n\t\t\t\t<div class=\"elementor-widget-container\">\n\t\t\t<h3 class=\"elementor-heading-title elementor-size-default\">Formation<\/h3>\t\t<\/div>\n\t\t\t\t<\/div>\n\t\t\t\t<section class=\"elementor-section elementor-inner-section elementor-element elementor-element-6261cec elementor-section-boxed elementor-section-height-default elementor-section-height-default\" data-id=\"6261cec\" data-element_type=\"section\">\n\t\t\t\t\t\t<div class=\"elementor-container elementor-column-gap-extended\">\n\t\t\t\t\t<div class=\"elementor-column elementor-col-33 elementor-inner-column elementor-element elementor-element-6aa1cc7\" data-id=\"6aa1cc7\" data-element_type=\"column\">\n\t\t\t<div class=\"elementor-widget-wrap elementor-element-populated\">\n\t\t\t\t\t\t\t\t<div class=\"elementor-element elementor-element-2a30144 elementor-widget elementor-widget-rt-service-grid\" data-id=\"2a30144\" data-element_type=\"widget\" data-widget_type=\"rt-service-grid.default\">\n\t\t\t\t<div class=\"elementor-widget-container\">\n\t\t\t<div class=\"react-addon-services services-style1\">\r\n    <div class=\"services-part\">\r\n    \t    \t\t<div class=\"services-icon\">\r\n\t    \t\t\t    \t\t\t    \t\t\t<img decoding=\"async\" src=\"https:\/\/cdn.elearningindustry.com\/wp-content\/uploads\/2020\/07\/training-your-end-users-is-a-waste-of-time.jpg\" alt=\"image\"\/>\r\n\t    \t\t    \t\t<\/div>\t\r\n    \t\t\t    \t\t       \r\n\t    <div class=\"services-text style5\">\r\n\t    \t\t\t    \t<div class=\"services-title\">\t\r\n\t\t    \t\t\t\t\t\t\t\r\n\t\t    \t\t\t\t    \t\t\t<h4 class=\"title\"> End user<\/h4>\r\n\t\t    \t\t\t\t\t\t    \t\t\r\n\t\t    \t<\/div>\r\n\t    \t\t\r\n\r\n\t    \t\t    \t\t<p class=\"services-txt\">  <p>Investir dans la formation de vos utilisateurs finaux, que ce soit en mati\u00e8re d'utilisation ou de s\u00e9curit\u00e9, ne peut que porter des fruits \u00e0 long terme pour votre institution.<\/p><\/p>\t\r\n\t    \t\t\r\n\r\n\t    \t\r\n\t    <\/div>\r\n\t<\/div>\r\n<\/div>\t\t<\/div>\n\t\t\t\t<\/div>\n\t\t\t\t\t<\/div>\n\t\t<\/div>\n\t\t\t\t<div class=\"elementor-column elementor-col-33 elementor-inner-column elementor-element elementor-element-ca16011\" data-id=\"ca16011\" data-element_type=\"column\">\n\t\t\t<div class=\"elementor-widget-wrap elementor-element-populated\">\n\t\t\t\t\t\t\t\t<div class=\"elementor-element elementor-element-934f12e elementor-widget elementor-widget-rt-service-grid\" data-id=\"934f12e\" data-element_type=\"widget\" data-widget_type=\"rt-service-grid.default\">\n\t\t\t\t<div class=\"elementor-widget-container\">\n\t\t\t<div class=\"react-addon-services services-style1\">\r\n    <div class=\"services-part\">\r\n    \t    \t\t<div class=\"services-icon\">\r\n\t    \t\t\t    \t\t\t    \t\t\t<img decoding=\"async\" src=\"https:\/\/cdn.lynda.com\/course\/679630\/679630-636570704579102968-16x9.jpg\" alt=\"image\"\/>\r\n\t    \t\t    \t\t<\/div>\t\r\n    \t\t\t    \t\t       \r\n\t    <div class=\"services-text style5\">\r\n\t    \t\t\t    \t<div class=\"services-title\">\t\r\n\t\t    \t\t\t\t\t\t\t\r\n\t\t    \t\t\t\t    \t\t\t<h4 class=\"title\"> IT pros<\/h4>\r\n\t\t    \t\t\t\t\t\t    \t\t\r\n\t\t    \t<\/div>\r\n\t    \t\t\r\n\r\n\t    \t\t    \t\t<p class=\"services-txt\">  <p>Nous proposons des formations techniques au personnel informatique de votre entreprise afin de diminuer leur d\u00e9pendance vis-\u00e0-vis des partenaires externes.<\/p><\/p>\t\r\n\t    \t\t\r\n\r\n\t    \t\r\n\t    <\/div>\r\n\t<\/div>\r\n<\/div>\t\t<\/div>\n\t\t\t\t<\/div>\n\t\t\t\t\t<\/div>\n\t\t<\/div>\n\t\t\t\t<div class=\"elementor-column elementor-col-33 elementor-inner-column elementor-element elementor-element-c1a74d3\" data-id=\"c1a74d3\" data-element_type=\"column\">\n\t\t\t<div class=\"elementor-widget-wrap elementor-element-populated\">\n\t\t\t\t\t\t\t\t<div class=\"elementor-element elementor-element-49283e3 elementor-widget elementor-widget-rt-service-grid\" data-id=\"49283e3\" data-element_type=\"widget\" data-widget_type=\"rt-service-grid.default\">\n\t\t\t\t<div class=\"elementor-widget-container\">\n\t\t\t<div class=\"react-addon-services services-style1\">\r\n    <div class=\"services-part\">\r\n    \t    \t\t<div class=\"services-icon\">\r\n\t    \t\t\t    \t\t\t    \t\t\t<img decoding=\"async\" src=\"https:\/\/www.wimi-teamwork.com\/static\/medias\/hsm.png\" alt=\"image\"\/>\r\n\t    \t\t    \t\t<\/div>\t\r\n    \t\t\t    \t\t       \r\n\t    <div class=\"services-text style5\">\r\n\t    \t\t\t    \t<div class=\"services-title\">\t\r\n\t\t    \t\t\t\t\t\t\t\r\n\t\t    \t\t\t\t    \t\t\t<h4 class=\"title\"> \u00c9veil \u00e0 la s\u00e9curit\u00e9<\/h4>\r\n\t\t    \t\t\t\t\t\t    \t\t\r\n\t\t    \t<\/div>\r\n\t    \t\t\r\n\r\n\t    \t\t    \t\t<p class=\"services-txt\">  <p>Quoi de mieux qu\u2019une campagne visant \u00e0 tester vos collaborateurs ainsi que leurs r\u00e9flexes en mati\u00e8re de s\u00e9curit\u00e9 pour avoir une id\u00e9e des risques que vous encourrez ? Ces campagnes sont suivies de formations donn\u00e9es par nos soins dans le but de leur donner de bonnes pratiques\u2026<\/p><\/p>\t\r\n\t    \t\t\r\n\r\n\t    \t\r\n\t    <\/div>\r\n\t<\/div>\r\n<\/div>\t\t<\/div>\n\t\t\t\t<\/div>\n\t\t\t\t\t<\/div>\n\t\t<\/div>\n\t\t\t\t\t\t\t<\/div>\n\t\t<\/section>\n\t\t\t\t\t<\/div>\n\t\t<\/div>\n\t\t\t\t\t\t\t<\/div>\n\t\t<\/section>\n\t\t\t\t<section class=\"elementor-section elementor-top-section elementor-element elementor-element-1b70f8c elementor-section-stretched elementor-section-boxed elementor-section-height-default elementor-section-height-default\" data-id=\"1b70f8c\" data-element_type=\"section\" data-settings=\"{&quot;stretch_section&quot;:&quot;section-stretched&quot;,&quot;background_background&quot;:&quot;classic&quot;}\">\n\t\t\t\t\t\t<div class=\"elementor-container elementor-column-gap-default\">\n\t\t\t\t\t<div class=\"elementor-column elementor-col-100 elementor-top-column elementor-element elementor-element-d785c80\" data-id=\"d785c80\" data-element_type=\"column\">\n\t\t\t<div class=\"elementor-widget-wrap elementor-element-populated\">\n\t\t\t\t\t\t\t\t<div class=\"elementor-element elementor-element-8ba599f elementor-widget elementor-widget-heading\" data-id=\"8ba599f\" data-element_type=\"widget\" data-widget_type=\"heading.default\">\n\t\t\t\t<div class=\"elementor-widget-container\">\n\t\t\t<h3 class=\"elementor-heading-title elementor-size-default\">D\u00e9pannage<\/h3>\t\t<\/div>\n\t\t\t\t<\/div>\n\t\t\t\t<section class=\"elementor-section elementor-inner-section elementor-element elementor-element-1f92922 elementor-section-boxed elementor-section-height-default elementor-section-height-default\" data-id=\"1f92922\" data-element_type=\"section\">\n\t\t\t\t\t\t<div class=\"elementor-container elementor-column-gap-extended\">\n\t\t\t\t\t<div class=\"elementor-column elementor-col-50 elementor-inner-column elementor-element elementor-element-fcf2aed\" data-id=\"fcf2aed\" data-element_type=\"column\">\n\t\t\t<div class=\"elementor-widget-wrap elementor-element-populated\">\n\t\t\t\t\t\t\t\t<div class=\"elementor-element elementor-element-55b9d36 elementor-widget elementor-widget-rt-service-grid\" data-id=\"55b9d36\" data-element_type=\"widget\" data-widget_type=\"rt-service-grid.default\">\n\t\t\t\t<div class=\"elementor-widget-container\">\n\t\t\t<div class=\"react-addon-services services-style1\">\r\n    <div class=\"services-part\">\r\n    \t    \t\t<div class=\"services-icon\">\r\n\t    \t\t\t    \t\t\t    \t\t\t<img decoding=\"async\" src=\"https:\/\/www.science.org\/do\/10.5555\/article.2382999\/abs\/21%20jan%202011.jpg\" alt=\"image\"\/>\r\n\t    \t\t    \t\t<\/div>\t\r\n    \t\t\t    \t\t       \r\n\t    <div class=\"services-text style5\">\r\n\t    \t\t\t    \t<div class=\"services-title\">\t\r\n\t\t    \t\t\t\t\t\t\t\r\n\t\t    \t\t\t\t    \t\t\t<h4 class=\"title\"> Probl\u00e8me de performance<\/h4>\r\n\t\t    \t\t\t\t\t\t    \t\t\r\n\t\t    \t<\/div>\r\n\t    \t\t\r\n\r\n\t    \t\t    \t\t<p class=\"services-txt\">  <p>Il est facile de rep\u00e9rer un probl\u00e8me de performance mais difficile de trouver un prestataire de confiance qualifi\u00e9 pour le r\u00e9gler. Nous sommes l\u00e0 pour vous aider !<\/p><\/p>\t\r\n\t    \t\t\r\n\r\n\t    \t\r\n\t    <\/div>\r\n\t<\/div>\r\n<\/div>\t\t<\/div>\n\t\t\t\t<\/div>\n\t\t\t\t\t<\/div>\n\t\t<\/div>\n\t\t\t\t<div class=\"elementor-column elementor-col-50 elementor-inner-column elementor-element elementor-element-0568e15\" data-id=\"0568e15\" data-element_type=\"column\">\n\t\t\t<div class=\"elementor-widget-wrap elementor-element-populated\">\n\t\t\t\t\t\t\t\t<div class=\"elementor-element elementor-element-ceb5c73 elementor-widget elementor-widget-rt-service-grid\" data-id=\"ceb5c73\" data-element_type=\"widget\" data-widget_type=\"rt-service-grid.default\">\n\t\t\t\t<div class=\"elementor-widget-container\">\n\t\t\t<div class=\"react-addon-services services-style1\">\r\n    <div class=\"services-part\">\r\n    \t    \t\t<div class=\"services-icon\">\r\n\t    \t\t\t    \t\t\t    \t\t\t<img decoding=\"async\" src=\"https:\/\/www.ipe.fr\/wp-content\/uploads\/2022\/11\/ipe-analyse-risques-se%CC%81curite%CC%81-informatique.png\" alt=\"image\"\/>\r\n\t    \t\t    \t\t<\/div>\t\r\n    \t\t\t    \t\t       \r\n\t    <div class=\"services-text style5\">\r\n\t    \t\t\t    \t<div class=\"services-title\">\t\r\n\t\t    \t\t\t\t\t\t\t\r\n\t\t    \t\t\t\t    \t\t\t<h4 class=\"title\"> S\u00e9curit\u00e9 apr\u00e8s incident <\/h4>\r\n\t\t    \t\t\t\t\t\t    \t\t\r\n\t\t    \t<\/div>\r\n\t    \t\t\r\n\r\n\t    \t\t    \t\t<p class=\"services-txt\">  <p>En cas de tout incident survenant, que ce soit un crash serveur, un piratage, un incendie, des inondations, etc., nos \u00e9quipes sont comp\u00e9tentes pour vous apporter leur soutien.<\/p><\/p>\t\r\n\t    \t\t\r\n\r\n\t    \t\r\n\t    <\/div>\r\n\t<\/div>\r\n<\/div>\t\t<\/div>\n\t\t\t\t<\/div>\n\t\t\t\t\t<\/div>\n\t\t<\/div>\n\t\t\t\t\t\t\t<\/div>\n\t\t<\/section>\n\t\t\t\t\t<\/div>\n\t\t<\/div>\n\t\t\t\t\t\t\t<\/div>\n\t\t<\/section>\n\t\t\t\t<section class=\"elementor-section elementor-top-section elementor-element elementor-element-51466c7 elementor-section-stretched elementor-section-boxed elementor-section-height-default elementor-section-height-default\" data-id=\"51466c7\" data-element_type=\"section\" data-settings=\"{&quot;stretch_section&quot;:&quot;section-stretched&quot;,&quot;background_background&quot;:&quot;classic&quot;}\">\n\t\t\t\t\t\t<div class=\"elementor-container elementor-column-gap-default\">\n\t\t\t\t\t<div class=\"elementor-column elementor-col-100 elementor-top-column elementor-element elementor-element-ba529ff\" data-id=\"ba529ff\" data-element_type=\"column\">\n\t\t\t<div class=\"elementor-widget-wrap elementor-element-populated\">\n\t\t\t\t\t\t\t\t<div class=\"elementor-element elementor-element-1460dbf elementor-widget elementor-widget-heading\" data-id=\"1460dbf\" data-element_type=\"widget\" data-widget_type=\"heading.default\">\n\t\t\t\t<div class=\"elementor-widget-container\">\n\t\t\t<h3 class=\"elementor-heading-title elementor-size-default\">Risque management<\/h3>\t\t<\/div>\n\t\t\t\t<\/div>\n\t\t\t\t<div class=\"elementor-element elementor-element-76308be elementor-widget elementor-widget-text-editor\" data-id=\"76308be\" data-element_type=\"widget\" data-widget_type=\"text-editor.default\">\n\t\t\t\t<div class=\"elementor-widget-container\">\n\t\t\t\t\t\t\t<p>En informatique, une institution prend, souvent sans s\u2019en rendre compte, beaucoup de risques\u2026<\/p>\t\t\t\t\t\t<\/div>\n\t\t\t\t<\/div>\n\t\t\t\t<section class=\"elementor-section elementor-inner-section elementor-element elementor-element-1a33c56 elementor-section-boxed elementor-section-height-default elementor-section-height-default\" data-id=\"1a33c56\" data-element_type=\"section\">\n\t\t\t\t\t\t<div class=\"elementor-container elementor-column-gap-extended\">\n\t\t\t\t\t<div class=\"elementor-column elementor-col-50 elementor-inner-column elementor-element elementor-element-681504c\" data-id=\"681504c\" data-element_type=\"column\">\n\t\t\t<div class=\"elementor-widget-wrap elementor-element-populated\">\n\t\t\t\t\t\t\t\t<div class=\"elementor-element elementor-element-530df84 elementor-widget elementor-widget-rt-service-grid\" data-id=\"530df84\" data-element_type=\"widget\" data-widget_type=\"rt-service-grid.default\">\n\t\t\t\t<div class=\"elementor-widget-container\">\n\t\t\t<div class=\"react-addon-services services-style1\">\r\n    <div class=\"services-part\">\r\n    \t    \t\t<div class=\"services-icon\">\r\n\t    \t\t\t    \t\t\t    \t\t\t<img decoding=\"async\" src=\"https:\/\/atlassianblog.wpengine.com\/wp-content\/uploads\/2021\/04\/2879d697-9d05-4a88-a703-ad03cf50ea7b.png\" alt=\"image\"\/>\r\n\t    \t\t    \t\t<\/div>\t\r\n    \t\t\t    \t\t       \r\n\t    <div class=\"services-text style5\">\r\n\t    \t\t\t    \t<div class=\"services-title\">\t\r\n\t\t    \t\t\t\t\t\t\t\r\n\t\t    \t\t\t\t    \t\t\t<h4 class=\"title\"> DRP &amp; Business continuity<\/h4>\r\n\t\t    \t\t\t\t\t\t    \t\t\r\n\t\t    \t<\/div>\r\n\t    \t\t\r\n\r\n\t    \t\t    \t\t<p class=\"services-txt\">  <p>Nous vous conseillons et mettons en place des solutions pour garantir la reprise des activit\u00e9s de votre entreprise en cas d\u2019incident.<\/p><\/p>\t\r\n\t    \t\t\r\n\r\n\t    \t\r\n\t    <\/div>\r\n\t<\/div>\r\n<\/div>\t\t<\/div>\n\t\t\t\t<\/div>\n\t\t\t\t\t<\/div>\n\t\t<\/div>\n\t\t\t\t<div class=\"elementor-column elementor-col-50 elementor-inner-column elementor-element elementor-element-3453461\" data-id=\"3453461\" data-element_type=\"column\">\n\t\t\t<div class=\"elementor-widget-wrap elementor-element-populated\">\n\t\t\t\t\t\t\t\t<div class=\"elementor-element elementor-element-d83d7d7 elementor-widget elementor-widget-rt-service-grid\" data-id=\"d83d7d7\" data-element_type=\"widget\" data-widget_type=\"rt-service-grid.default\">\n\t\t\t\t<div class=\"elementor-widget-container\">\n\t\t\t<div class=\"react-addon-services services-style1\">\r\n    <div class=\"services-part\">\r\n    \t    \t\t<div class=\"services-icon\">\r\n\t    \t\t\t    \t\t\t    \t\t\t<img decoding=\"async\" src=\"https:\/\/clevertap.com\/wp-content\/uploads\/2020\/02\/technical-documentation-post-header1.jpg\" alt=\"image\"\/>\r\n\t    \t\t    \t\t<\/div>\t\r\n    \t\t\t    \t\t       \r\n\t    <div class=\"services-text style5\">\r\n\t    \t\t\t    \t<div class=\"services-title\">\t\r\n\t\t    \t\t\t\t\t\t\t\r\n\t\t    \t\t\t\t    \t\t\t<h4 class=\"title\"> Documentation<\/h4>\r\n\t\t    \t\t\t\t\t\t    \t\t\r\n\t\t    \t<\/div>\r\n\t    \t\t\r\n\r\n\t    \t\t    \t\t<p class=\"services-txt\">  <p>POINCIBLE propose de r\u00e9aliser des plans d\u2019infrastructure existante ou nouvelle, de documenter tout changement r\u00e9alis\u00e9 ou encore de mettre en place et de documenter des proc\u00e9dures pr\u00e9cises.<\/p><\/p>\t\r\n\t    \t\t\r\n\r\n\t    \t\r\n\t    <\/div>\r\n\t<\/div>\r\n<\/div>\t\t<\/div>\n\t\t\t\t<\/div>\n\t\t\t\t\t<\/div>\n\t\t<\/div>\n\t\t\t\t\t\t\t<\/div>\n\t\t<\/section>\n\t\t\t\t\t<\/div>\n\t\t<\/div>\n\t\t\t\t\t\t\t<\/div>\n\t\t<\/section>\n\t\t\t\t\t\t\t<\/div>\n\t\t","protected":false},"excerpt":{"rendered":"<p>Nos services Consultance 03 Conseil Nous analysons et vous conseillons sur les enjeux strat\u00e9giques et informatiques de votre entit\u00e9. Audit Qu\u2019il soit interne pour votre s\u00e9curit\u00e9 et vos installations ou externe en termes de prestataires, nous mettons \u00e0 votre disposition notre expertise afin de vous donner une analyse objective et professionnelle des enjeux auxquels vous&#8230;<\/p>\n","protected":false},"author":2,"featured_media":0,"parent":0,"menu_order":0,"comment_status":"closed","ping_status":"closed","template":"","meta":{"footnotes":""},"class_list":["post-9262","page","type-page","status-publish","hentry"],"_links":{"self":[{"href":"https:\/\/www.poincible.com\/index.php\/wp-json\/wp\/v2\/pages\/9262","targetHints":{"allow":["GET"]}}],"collection":[{"href":"https:\/\/www.poincible.com\/index.php\/wp-json\/wp\/v2\/pages"}],"about":[{"href":"https:\/\/www.poincible.com\/index.php\/wp-json\/wp\/v2\/types\/page"}],"author":[{"embeddable":true,"href":"https:\/\/www.poincible.com\/index.php\/wp-json\/wp\/v2\/users\/2"}],"replies":[{"embeddable":true,"href":"https:\/\/www.poincible.com\/index.php\/wp-json\/wp\/v2\/comments?post=9262"}],"version-history":[{"count":0,"href":"https:\/\/www.poincible.com\/index.php\/wp-json\/wp\/v2\/pages\/9262\/revisions"}],"wp:attachment":[{"href":"https:\/\/www.poincible.com\/index.php\/wp-json\/wp\/v2\/media?parent=9262"}],"curies":[{"name":"wp","href":"https:\/\/api.w.org\/{rel}","templated":true}]}}