{"id":9601,"date":"2023-08-18T17:33:24","date_gmt":"2023-08-18T15:33:24","guid":{"rendered":"https:\/\/www.poincible.com\/?page_id=9601"},"modified":"2023-08-26T19:31:08","modified_gmt":"2023-08-26T17:31:08","slug":"solutions","status":"publish","type":"page","link":"https:\/\/www.poincible.com\/index.php\/solutions\/","title":{"rendered":"Solutions"},"content":{"rendered":"\t\t<div data-elementor-type=\"wp-page\" data-elementor-id=\"9601\" class=\"elementor elementor-9601\">\n\t\t\t\t\t\t\t\t\t<section class=\"elementor-section elementor-top-section elementor-element elementor-element-9b1b80f elementor-section-stretched elementor-section-boxed elementor-section-height-default elementor-section-height-default\" data-id=\"9b1b80f\" data-element_type=\"section\" data-settings=\"{&quot;stretch_section&quot;:&quot;section-stretched&quot;,&quot;background_background&quot;:&quot;classic&quot;}\">\n\t\t\t\t\t\t<div class=\"elementor-container elementor-column-gap-default\">\n\t\t\t\t\t<div class=\"elementor-column elementor-col-100 elementor-top-column elementor-element elementor-element-81000bf\" data-id=\"81000bf\" data-element_type=\"column\">\n\t\t\t<div class=\"elementor-widget-wrap elementor-element-populated\">\n\t\t\t\t\t\t\t\t<section class=\"elementor-section elementor-inner-section elementor-element elementor-element-270f351 elementor-section-boxed elementor-section-height-default elementor-section-height-default\" data-id=\"270f351\" data-element_type=\"section\">\n\t\t\t\t\t\t<div class=\"elementor-container elementor-column-gap-extended\">\n\t\t\t\t\t<div class=\"elementor-column elementor-col-100 elementor-inner-column elementor-element elementor-element-62afb9f\" data-id=\"62afb9f\" data-element_type=\"column\">\n\t\t\t<div class=\"elementor-widget-wrap elementor-element-populated\">\n\t\t\t\t\t\t\t\t<div class=\"elementor-element elementor-element-0061bc4 elementor-widget elementor-widget-react-heading\" data-id=\"0061bc4\" data-element_type=\"widget\" data-widget_type=\"react-heading.default\">\n\t\t\t\t<div class=\"elementor-widget-container\">\n\t\t\t\t  \r\n        <div class=\"react-heading default  title-border-no\">\r\n        \t<div class=\"title-inner no\">        \t\t      \t\t\r\n\t            <span class=\"sub-text \">Gardez un \u0153il sur tout ce qui compte<\/span><h2 class=\"title\">Cam\u00e9ras de surveillance<\/h2>\t        <\/div>\r\n\t\t\t\t        \r\n\t            \r\n        <\/div>\r\n        \t\t<\/div>\n\t\t\t\t<\/div>\n\t\t\t\t<div class=\"elementor-element elementor-element-2c8824d elementor-widget elementor-widget-rt-service-grid\" data-id=\"2c8824d\" data-element_type=\"widget\" data-widget_type=\"rt-service-grid.default\">\n\t\t\t\t<div class=\"elementor-widget-container\">\n\t\t\t<div class=\"react-addon-services services-style1\">\r\n    <div class=\"services-part\">\r\n    \t    \t\t<div class=\"services-icon\">\r\n\t    \t\t\t    \t\t\t    \t\t\t<img decoding=\"async\" src=\"https:\/\/www.euromarits.com\/wp-content\/uploads\/2022\/06\/Camera-IP.jpg\" alt=\"image\"\/>\r\n\t    \t\t    \t\t<\/div>\t\r\n    \t\t\t    \t\t       \r\n\t    <div class=\"services-text style5\">\r\n\t    \t\t\r\n\r\n\t    \t\t    \t\t<p class=\"services-txt\">  <p>D\u00e9couvrez notre gamme avanc\u00e9e de cam\u00e9ras de surveillance pour une protection in\u00e9gal\u00e9e. Avec une r\u00e9solution HD, une vision nocturne avanc\u00e9e et des alertes en temps r\u00e9el, notre s\u00e9lection r\u00e9pond \u00e0 vos besoins de s\u00e9curit\u00e9 24\/7. Choisissez parmi des cam\u00e9ras int\u00e9rieures discr\u00e8tes, des cam\u00e9ras ext\u00e9rieures robustes et des cam\u00e9ras panoramiques \u00e0 360\u00b0. Profitez d'options de stockage flexibles avec le choix entre stockage local et stockage cloud. Contactez notre \u00e9quipe d'experts pour des conseils personnalis\u00e9s et explorez notre site pour plus d'informations.<\/p><\/p>\t\r\n\t    \t\t\r\n\r\n\t    \t\r\n\t    <\/div>\r\n\t<\/div>\r\n<\/div>\t\t<\/div>\n\t\t\t\t<\/div>\n\t\t\t\t\t<\/div>\n\t\t<\/div>\n\t\t\t\t\t\t\t<\/div>\n\t\t<\/section>\n\t\t\t\t<section class=\"elementor-section elementor-inner-section elementor-element elementor-element-efa8aa5 elementor-section-boxed elementor-section-height-default elementor-section-height-default\" data-id=\"efa8aa5\" data-element_type=\"section\">\n\t\t\t\t\t\t<div class=\"elementor-container elementor-column-gap-extended\">\n\t\t\t\t\t<div class=\"elementor-column elementor-col-100 elementor-inner-column elementor-element elementor-element-26a8bc2\" data-id=\"26a8bc2\" data-element_type=\"column\">\n\t\t\t<div class=\"elementor-widget-wrap elementor-element-populated\">\n\t\t\t\t\t\t\t\t<div class=\"elementor-element elementor-element-c08c6fd elementor-widget elementor-widget-react-heading\" data-id=\"c08c6fd\" data-element_type=\"widget\" data-widget_type=\"react-heading.default\">\n\t\t\t\t<div class=\"elementor-widget-container\">\n\t\t\t\t  \r\n        <div class=\"react-heading default  title-border-no\">\r\n        \t<div class=\"title-inner no\">        \t\t      \t\t\r\n\t            <span class=\"sub-text \">Contr\u00f4lez en toute s\u00e9curit\u00e9<\/span><h2 class=\"title\">Syst\u00e8me de gestion d'acc\u00e8s avanc\u00e9<\/h2>\t        <\/div>\r\n\t\t\t\t        \r\n\t            \r\n        <\/div>\r\n        \t\t<\/div>\n\t\t\t\t<\/div>\n\t\t\t\t<div class=\"elementor-element elementor-element-d5c5b83 elementor-widget elementor-widget-rt-service-grid\" data-id=\"d5c5b83\" data-element_type=\"widget\" data-widget_type=\"rt-service-grid.default\">\n\t\t\t\t<div class=\"elementor-widget-container\">\n\t\t\t<div class=\"react-addon-services services-style1\">\r\n    <div class=\"services-part\">\r\n    \t    \t\t<div class=\"services-icon\">\r\n\t    \t\t\t    \t\t\t    \t\t\t<img decoding=\"async\" src=\"http:\/\/www.poincible.com\/wp-content\/uploads\/2023\/08\/GEST.png\" alt=\"image\"\/>\r\n\t    \t\t    \t\t<\/div>\t\r\n    \t\t\t    \t\t       \r\n\t    <div class=\"services-text style5\">\r\n\t    \t\t\r\n\r\n\t    \t\t    \t\t<p class=\"services-txt\">  <p>Poincible propose des solutions de gestion d'acc\u00e8s sophistiqu\u00e9e, offrant un contr\u00f4le complet sur les entr\u00e9es. G\u00e9rez les autorisations avec pr\u00e9cision, surveillez les acc\u00e8s en temps r\u00e9el et enregistrez les activit\u00e9s pour une s\u00e9curit\u00e9 optimale. Simplifiez la protection de votre espace avec un syst\u00e8me intuitif et fiable.<\/p><\/p>\t\r\n\t    \t\t\r\n\r\n\t    \t\r\n\t    <\/div>\r\n\t<\/div>\r\n<\/div>\t\t<\/div>\n\t\t\t\t<\/div>\n\t\t\t\t\t<\/div>\n\t\t<\/div>\n\t\t\t\t\t\t\t<\/div>\n\t\t<\/section>\n\t\t\t\t<section class=\"elementor-section elementor-inner-section elementor-element elementor-element-59d41ed elementor-section-boxed elementor-section-height-default elementor-section-height-default\" data-id=\"59d41ed\" data-element_type=\"section\">\n\t\t\t\t\t\t<div class=\"elementor-container elementor-column-gap-extended\">\n\t\t\t\t\t<div class=\"elementor-column elementor-col-100 elementor-inner-column elementor-element elementor-element-cc76541\" data-id=\"cc76541\" data-element_type=\"column\">\n\t\t\t<div class=\"elementor-widget-wrap elementor-element-populated\">\n\t\t\t\t\t\t\t\t<div class=\"elementor-element elementor-element-8dca2e3 elementor-widget elementor-widget-react-heading\" data-id=\"8dca2e3\" data-element_type=\"widget\" data-widget_type=\"react-heading.default\">\n\t\t\t\t<div class=\"elementor-widget-container\">\n\t\t\t\t  \r\n        <div class=\"react-heading default  title-border-no\">\r\n        \t<div class=\"title-inner no\">        \t\t      \t\t\r\n\t            <span class=\"sub-text \">Optimisez l'organisation et la fluidit\u00e9<\/span><h2 class=\"title\">Syst\u00e8me de gestion de File d\u2019attente <\/h2>\t        <\/div>\r\n\t\t\t\t        \r\n\t            \r\n        <\/div>\r\n        \t\t<\/div>\n\t\t\t\t<\/div>\n\t\t\t\t<div class=\"elementor-element elementor-element-682f9b3 elementor-widget elementor-widget-rt-service-grid\" data-id=\"682f9b3\" data-element_type=\"widget\" data-widget_type=\"rt-service-grid.default\">\n\t\t\t\t<div class=\"elementor-widget-container\">\n\t\t\t<div class=\"react-addon-services services-style1\">\r\n    <div class=\"services-part\">\r\n    \t    \t\t<div class=\"services-icon\">\r\n\t    \t\t\t    \t\t\t    \t\t\t<img decoding=\"async\" src=\"http:\/\/www.poincible.com\/wp-content\/uploads\/2023\/08\/Sans-titre-2-1.png\" alt=\"image\"\/>\r\n\t    \t\t    \t\t<\/div>\t\r\n    \t\t\t    \t\t       \r\n\t    <div class=\"services-text style5\">\r\n\t    \t\t\r\n\r\n\t    \t\t    \t\t<p class=\"services-txt\">  <p>La solution de gestion des files d\u2019attente vise \u00e0 organiser vos files d\u2019attente en offrant aux visiteurs une m\u00e9thode de commande simple. En tant qu'entreprise, vous pouvez \u00e9galement la d\u00e9ployer pour g\u00e9rer, suivre et optimiser vos services, tout en garantissant des prestations rapides, efficaces et sans faille \u00e0 chaque client. Nous vous proposons un syst\u00e8me exhaustif qui r\u00e9pond \u00e0 diff\u00e9rents besoins en mati\u00e8re de file d\u2019attente, allant d\u2019un syst\u00e8me de gestion de base \u00e0 des solutions sophistiqu\u00e9es pour les entreprises \u00e0 plusieurs filiales.<\/p><p><strong>AVANTAGES CL\u00c9S :<br \/><\/strong>G\u00e9rer les files d'attente des clients <br \/>R\u00e9duire le temps d'attente<br \/>Augmenter la satisfaction des clients <br \/>Am\u00e9liorer la qualit\u00e9 de service <br \/>Optimiser les co\u00fbts<br \/>Fournir des rapports statistiques <br \/>Augmenter les ventes <br \/>Am\u00e9liorer la productivit\u00e9 <br \/>Analyser le flux\u00a0de\u00a0visiteurs<\/p><\/p>\t\r\n\t    \t\t\r\n\r\n\t    \t\r\n\t    <\/div>\r\n\t<\/div>\r\n<\/div>\t\t<\/div>\n\t\t\t\t<\/div>\n\t\t\t\t\t<\/div>\n\t\t<\/div>\n\t\t\t\t\t\t\t<\/div>\n\t\t<\/section>\n\t\t\t\t\t<\/div>\n\t\t<\/div>\n\t\t\t\t\t\t\t<\/div>\n\t\t<\/section>\n\t\t\t\t\t\t\t<\/div>\n\t\t","protected":false},"excerpt":{"rendered":"<p>Gardez un \u0153il sur tout ce qui compte Cam\u00e9ras de surveillance D\u00e9couvrez notre gamme avanc\u00e9e de cam\u00e9ras de surveillance pour une protection in\u00e9gal\u00e9e. Avec une r\u00e9solution HD, une vision nocturne avanc\u00e9e et des alertes en temps r\u00e9el, notre s\u00e9lection r\u00e9pond \u00e0 vos besoins de s\u00e9curit\u00e9 24\/7. Choisissez parmi des cam\u00e9ras int\u00e9rieures discr\u00e8tes, des cam\u00e9ras ext\u00e9rieures&#8230;<\/p>\n","protected":false},"author":2,"featured_media":0,"parent":0,"menu_order":0,"comment_status":"closed","ping_status":"closed","template":"","meta":{"footnotes":""},"class_list":["post-9601","page","type-page","status-publish","hentry"],"_links":{"self":[{"href":"https:\/\/www.poincible.com\/index.php\/wp-json\/wp\/v2\/pages\/9601","targetHints":{"allow":["GET"]}}],"collection":[{"href":"https:\/\/www.poincible.com\/index.php\/wp-json\/wp\/v2\/pages"}],"about":[{"href":"https:\/\/www.poincible.com\/index.php\/wp-json\/wp\/v2\/types\/page"}],"author":[{"embeddable":true,"href":"https:\/\/www.poincible.com\/index.php\/wp-json\/wp\/v2\/users\/2"}],"replies":[{"embeddable":true,"href":"https:\/\/www.poincible.com\/index.php\/wp-json\/wp\/v2\/comments?post=9601"}],"version-history":[{"count":0,"href":"https:\/\/www.poincible.com\/index.php\/wp-json\/wp\/v2\/pages\/9601\/revisions"}],"wp:attachment":[{"href":"https:\/\/www.poincible.com\/index.php\/wp-json\/wp\/v2\/media?parent=9601"}],"curies":[{"name":"wp","href":"https:\/\/api.w.org\/{rel}","templated":true}]}}